{"id":50808,"date":"2026-01-28T13:25:37","date_gmt":"2026-01-28T13:25:37","guid":{"rendered":"https:\/\/trenaker.hu\/?page_id=50808"},"modified":"2026-02-24T14:58:42","modified_gmt":"2026-02-24T14:58:42","slug":"unternehmensgeschichte","status":"publish","type":"page","link":"https:\/\/trenaker.hu\/de\/unternehmensgeschichte\/","title":{"rendered":"Unternehmensgeschichte"},"content":{"rendered":"<p>[et_pb_section fb_built=&#8220;1&#8243; custom_padding_last_edited=&#8220;on|phone&#8220; next_background_color=&#8220;#ffffff&#8220; admin_label=&#8220;section&#8220; _builder_version=&#8220;4.27.5&#8243; _module_preset=&#8220;default&#8220; background_enable_color=&#8220;off&#8220; use_background_color_gradient=&#8220;on&#8220; background_color_gradient_direction=&#8220;141deg&#8220; background_color_gradient_stops=&#8220;#3f3f3f 0%|#5e5e5e 100%&#8220; background_image=&#8220;https:\/\/trenaker.hu\/wp-content\/uploads\/2026\/01\/trenaker_cegtortenet.webp&#8220; background_blend=&#8220;overlay&#8220; custom_margin=&#8220;0px|0px|0px|0px&#8220; custom_padding=&#8220;60px||60px||true|false&#8220; custom_padding_tablet=&#8220;60px||60px||true|false&#8220; custom_padding_phone=&#8220;30px||30px||true|false&#8220; bottom_divider_style=&#8220;arrow2&#8243; bottom_divider_height_tablet=&#8220;&#8220; bottom_divider_height_phone=&#8220;&#8220; bottom_divider_height_last_edited=&#8220;on|phone&#8220; animation_style=&#8220;slide&#8220; animation_direction=&#8220;top&#8220; animation_intensity_slide=&#8220;5%&#8220; locked=&#8220;off&#8220; global_colors_info=&#8220;{}&#8220;][et_pb_row _builder_version=&#8220;4.16&#8243; _module_preset=&#8220;default&#8220; custom_padding=&#8220;27px|0px|89px|0px&#8220; global_colors_info=&#8220;{}&#8220;][et_pb_column type=&#8220;4_4&#8243; _builder_version=&#8220;4.16&#8243; _module_preset=&#8220;default&#8220; custom_padding=&#8220;|||&#8220; global_colors_info=&#8220;{}&#8220; custom_padding__hover=&#8220;|||&#8220;][et_pb_text _builder_version=&#8220;4.27.5&#8243; _module_preset=&#8220;default&#8220; text_font=&#8220;Montserrat|600|||||||&#8220; text_font_size=&#8220;70px&#8220; text_line_height=&#8220;1em&#8220; header_font=&#8220;||||||||&#8220; text_orientation=&#8220;center&#8220; background_layout=&#8220;dark&#8220; animation_style=&#8220;zoom&#8220; animation_delay=&#8220;800ms&#8220; animation_intensity_zoom=&#8220;15%&#8220; text_font_size_tablet=&#8220;43px&#8220; text_font_size_phone=&#8220;30px&#8220; text_font_size_last_edited=&#8220;on|phone&#8220; text_letter_spacing_tablet=&#8220;32px&#8220; text_letter_spacing_phone=&#8220;1px&#8220; text_letter_spacing_last_edited=&#8220;off|desktop&#8220; global_colors_info=&#8220;{}&#8220;]<\/p>\n<p>Unternehmensgeschichte<\/p>\n<p>[\/et_pb_text][\/et_pb_column][\/et_pb_row][\/et_pb_section][et_pb_section fb_built=&#8220;1&#8243; custom_padding_last_edited=&#8220;on|phone&#8220; disabled_on=&#8220;off|off|off&#8220; _builder_version=&#8220;4.27.5&#8243; _module_preset=&#8220;default&#8220; custom_padding=&#8220;50px|0px|70px|0px||&#8220; custom_padding_tablet=&#8220;50px|0px|70px|0px||&#8220; custom_padding_phone=&#8220;0px||40px||false|false&#8220; animation_style=&#8220;flip&#8220; locked=&#8220;off&#8220; global_colors_info=&#8220;{}&#8220;][et_pb_row column_structure=&#8220;1_2,1_2&#8243; make_equal=&#8220;on&#8220; _builder_version=&#8220;4.27.5&#8243; _module_preset=&#8220;default&#8220; locked=&#8220;off&#8220; global_colors_info=&#8220;{}&#8220;][et_pb_column type=&#8220;1_2&#8243; _builder_version=&#8220;4.27.5&#8243; _module_preset=&#8220;default&#8220; custom_padding=&#8220;|||&#8220; custom_css_main_element=&#8220;margin: auto;&#8220; global_colors_info=&#8220;{}&#8220; custom_padding__hover=&#8220;|||&#8220;][et_pb_divider show_divider=&#8220;off&#8220; _builder_version=&#8220;4.27.5&#8243; _module_preset=&#8220;default&#8220; max_width=&#8220;80px&#8220; module_alignment=&#8220;left&#8220; custom_margin=&#8220;||||false|false&#8220; animation_style=&#8220;slide&#8220; animation_direction=&#8220;right&#8220; animation_duration=&#8220;2000ms&#8220; locked=&#8220;off&#8220; global_colors_info=&#8220;{}&#8220;][\/et_pb_divider][et_pb_text _builder_version=&#8220;4.27.5&#8243; _module_preset=&#8220;default&#8220; text_font_size=&#8220;16px&#8220; header_font=&#8220;||||||||&#8220; header_2_font=&#8220;|800|||||||&#8220; header_2_font_size=&#8220;44px&#8220; custom_margin=&#8220;||||false|false&#8220; custom_margin_tablet=&#8220;||180px||false|false&#8220; custom_margin_phone=&#8220;||180px||false|false&#8220; custom_margin_last_edited=&#8220;off|desktop&#8220; animation_style=&#8220;slide&#8220; animation_direction=&#8220;left&#8220; animation_delay=&#8220;200ms&#8220; animation_intensity_slide=&#8220;6%&#8220; global_colors_info=&#8220;{}&#8220;]<\/p>\n<p style=\"text-align: justify;\">Von 1991 bis heute:<\/p>\n<p style=\"text-align: justify;\">\n<ul style=\"text-align: justify;\">\n<li>35 Jahre industrielle Fertigungserfahrung<\/li>\n<li>Marktpr\u00e4senz \u00fcber zwei Generationen<\/li>\n<li>S\u00e4scheibenfertigung f\u00fcr \u00fcber 50 Marken (Einzelkorns\u00e4maschinen)<\/li>\n<li>Saisonale Produktion von ca. 1.500\u20132.000 Scheiben, auch nach individuellen Vorgaben<\/li>\n<li>\u00dcber 1.000 zufriedene Kunden und zahlreiche Wartungspartner<\/li>\n<\/ul>\n<p>[\/et_pb_text][\/et_pb_column][et_pb_column type=&#8220;1_2&#8243; _builder_version=&#8220;4.27.5&#8243; _module_preset=&#8220;default&#8220; custom_padding=&#8220;|||&#8220; custom_css_main_element=&#8220;margin: auto;&#8220; global_colors_info=&#8220;{}&#8220; custom_padding__hover=&#8220;|||&#8220;][et_pb_image src=&#8220;https:\/\/trenaker.hu\/wp-content\/uploads\/2026\/02\/trenaker_cegalapito.webp&#8220; title_text=&#8220;trenaker_cegalapito&#8220; align_tablet=&#8220;center&#8220; align_phone=&#8220;&#8220; align_last_edited=&#8220;on|desktop&#8220; _builder_version=&#8220;4.27.5&#8243; _module_preset=&#8220;default&#8220; animation_style=&#8220;slide&#8220; animation_direction=&#8220;right&#8220; animation_intensity_slide=&#8220;10%&#8220; hover_enabled=&#8220;0&#8243; border_radii=&#8220;on|5px|5px|5px|5px&#8220; global_colors_info=&#8220;{}&#8220; transform_styles__hover_enabled=&#8220;on|hover&#8220; transform_scale__hover_enabled=&#8220;on|desktop&#8220; transform_translate__hover=&#8220;0px|-4px&#8220; transform_translate__hover_enabled=&#8220;on|hover&#8220; transform_rotate__hover_enabled=&#8220;on|desktop&#8220; transform_skew__hover_enabled=&#8220;on|desktop&#8220; transform_origin__hover_enabled=&#8220;on|desktop&#8220; sticky_enabled=&#8220;0&#8243; background_enable_color=&#8220;off&#8220; background_blend=&#8220;overlay&#8220; background_enable_image=&#8220;off&#8220;][\/et_pb_image][et_pb_text _builder_version=&#8220;4.27.5&#8243; _module_preset=&#8220;default&#8220; text_font_size=&#8220;16px&#8220; header_font=&#8220;&#8211;et_global_heading_font||||||||&#8220; header_2_font=&#8220;|800|||||||&#8220; header_2_font_size=&#8220;44px&#8220; custom_margin=&#8220;||||false|false&#8220; custom_margin_tablet=&#8220;||180px||false|false&#8220; custom_margin_phone=&#8220;||180px||false|false&#8220; custom_margin_last_edited=&#8220;off|desktop&#8220; animation_style=&#8220;slide&#8220; animation_direction=&#8220;left&#8220; animation_delay=&#8220;200ms&#8220; animation_intensity_slide=&#8220;6%&#8220; hover_enabled=&#8220;0&#8243; global_colors_info=&#8220;{}&#8220; sticky_enabled=&#8220;0&#8243; locked=&#8220;off&#8220;]<\/p>\n<h3 style=\"text-align: center;\"><span>K\u00e1roly <\/span><span>Trescsik,<\/span><span>\u00a0<\/span>Firmengr\u00fcnder<\/h3>\n<p>[\/et_pb_text][\/et_pb_column][\/et_pb_row][\/et_pb_section][et_pb_section fb_built=&#8220;1&#8243; specialty=&#8220;on&#8220; padding_top_1=&#8220;40px&#8220; padding_top_bottom_link_1=&#8220;false&#8220; padding_left_right_link_1=&#8220;false&#8220; padding_1_tablet=&#8220;&#8220; padding_1_phone=&#8220;&#8220; padding_1_last_edited=&#8220;on|desktop&#8220; module_id=&#8220;contact&#8220; module_class=&#8220; et_pb_specialty_fullwidth&#8220; _builder_version=&#8220;4.27.5&#8243; _module_preset=&#8220;default&#8220; background_enable_color=&#8220;off&#8220; use_background_color_gradient=&#8220;on&#8220; background_color_gradient_direction=&#8220;141deg&#8220; background_color_gradient_stops=&#8220;#3f3f3f 0%|#5e5e5e 100%&#8220; background_image=&#8220;https:\/\/trenaker.hu\/wp-content\/uploads\/2026\/01\/trenaker_kapcsolat.webp&#8220; background_blend=&#8220;overlay&#8220; inner_width=&#8220;89%&#8220; inner_width_tablet=&#8220;80%&#8220; inner_width_phone=&#8220;&#8220; inner_width_last_edited=&#8220;on|desktop&#8220; inner_max_width=&#8220;89%&#8220; inner_max_width_tablet=&#8220;80%&#8220; inner_max_width_phone=&#8220;&#8220; inner_max_width_last_edited=&#8220;on|desktop&#8220; custom_margin=&#8220;||||false|false&#8220; custom_padding=&#8220;||||false|false&#8220; animation_style=&#8220;flip&#8220; make_fullwidth=&#8220;on&#8220; saved_tabs=&#8220;all&#8220; locked=&#8220;off&#8220; global_colors_info=&#8220;{}&#8220;][et_pb_column type=&#8220;1_3&#8243; _builder_version=&#8220;4.16&#8243; _module_preset=&#8220;default&#8220; custom_padding=&#8220;|||&#8220; global_colors_info=&#8220;{}&#8220; custom_padding__hover=&#8220;|||&#8220;][et_pb_text _builder_version=&#8220;4.27.5&#8243; _module_preset=&#8220;default&#8220; text_font=&#8220;||||||||&#8220; text_text_color=&#8220;#FFFFFF&#8220; text_font_size=&#8220;16px&#8220; link_text_color=&#8220;#FFFFFF&#8220; link_font_size=&#8220;16px&#8220; header_font=&#8220;||||||||&#8220; header_2_font=&#8220;Montserrat|800|||||||&#8220; header_2_text_color=&#8220;#ffffff&#8220; header_2_font_size=&#8220;70px&#8220; custom_margin=&#8220;||0px|&#8220; animation_style=&#8220;slide&#8220; animation_direction=&#8220;bottom&#8220; animation_intensity_slide=&#8220;20%&#8220; header_2_font_size_tablet=&#8220;&#8220; header_2_font_size_phone=&#8220;44px&#8220; header_2_font_size_last_edited=&#8220;on|phone&#8220; text_orientation_tablet=&#8220;&#8220; text_orientation_phone=&#8220;center&#8220; text_orientation_last_edited=&#8220;on|phone&#8220; global_colors_info=&#8220;{}&#8220;]<\/p>\n<h2>Kontakt<\/h2>\n<p data-start=\"3411\" data-end=\"3448\"><span style=\"font-weight: 400;\">Adresse<\/span>: 2942 Nagyigm\u00e1nd, T\u00e1rk\u00e1nyi \u00fat 17.<\/p>\n<p data-start=\"3492\" data-end=\"3620\">Telefon: <a href=\"tel:+36209326883\">+36 20 932 6883<\/a><br data-start=\"3510\" data-end=\"3513\" \/><span>Bestellung<\/span>: <a href=\"mailto:sales@trenaker.hu\" data-start=\"3529\" data-end=\"3546\">sales@trenaker.hu<\/a><br data-start=\"3546\" data-end=\"3549\" \/><span>Rechnungsstellung<\/span>: <a href=\"mailto:office@trenaker.hu\" data-start=\"3563\" data-end=\"3581\">office@trenaker.hu<\/a><br data-start=\"3581\" data-end=\"3584\" \/><span>Kundenservice<\/span>: <a href=\"mailto:info@trenaker.hu\" data-start=\"3604\" data-end=\"3620\">info@trenaker.hu<\/a><\/p>\n<p>[\/et_pb_text][et_pb_divider show_divider=&#8220;off&#8220; _builder_version=&#8220;4.16&#8243; _module_preset=&#8220;default&#8220; max_width=&#8220;80px&#8220; module_alignment=&#8220;left&#8220; custom_margin=&#8220;9px|||&#8220; animation_style=&#8220;slide&#8220; animation_direction=&#8220;right&#8220; animation_duration=&#8220;2000ms&#8220; locked=&#8220;off&#8220; global_colors_info=&#8220;{}&#8220;][\/et_pb_divider][\/et_pb_column][et_pb_column type=&#8220;2_3&#8243; specialty_columns=&#8220;2&#8243; _builder_version=&#8220;4.16&#8243; _module_preset=&#8220;default&#8220; custom_padding=&#8220;|||&#8220; global_colors_info=&#8220;{}&#8220; custom_padding__hover=&#8220;|||&#8220;][et_pb_row_inner _builder_version=&#8220;4.16&#8243; _module_preset=&#8220;default&#8220; global_colors_info=&#8220;{}&#8220;][et_pb_column_inner saved_specialty_column_type=&#8220;2_3&#8243; _builder_version=&#8220;4.16&#8243; _module_preset=&#8220;default&#8220; custom_padding=&#8220;|||&#8220; global_colors_info=&#8220;{}&#8220; custom_padding__hover=&#8220;|||&#8220;][et_pb_contact_form use_spam_service=&#8220;on&#8220; recaptcha_list=&#8220;trenakerhu &#8211; V3|trenakerhu &#8211; V3-0&#8243; email=&#8220;gondocs.robert@gmail.com&#8220; custom_message=&#8220;N\u00e9v: %%Name%%||et_pb_line_break_holder||Email: %%Email%%||et_pb_line_break_holder||\u00dczenet: %%Message%%||et_pb_line_break_holder||||et_pb_line_break_holder||||et_pb_line_break_holder||Ez az \u00fczenet a trenaker.hu n\u00e9met nyelv\u0171 oldal\u00e1r\u00f3l lett k\u00fcldve.&#8220; _builder_version=&#8220;4.27.5&#8243; _module_preset=&#8220;default&#8220; _unique_id=&#8220;6fdd076c-217c-48e3-b0d7-52d516558a95&#8243; form_field_background_color=&#8220;#FFFFFF&#8220; form_field_text_color=&#8220;#000000&#8243; form_field_font_size=&#8220;16px&#8220; custom_button=&#8220;on&#8220; button_text_size=&#8220;20px&#8220; button_text_color=&#8220;#FFFFFF&#8220; button_bg_color=&#8220;#0f2e4d&#8220; button_border_width=&#8220;0px&#8220; border_radii=&#8220;on|5px|5px|5px|5px&#8220; global_colors_info=&#8220;{}&#8220;][et_pb_contact_field field_id=&#8220;Name&#8220; field_title=&#8220;Name&#8220; _builder_version=&#8220;4.27.5&#8243; global_colors_info=&#8220;{}&#8220; button_text_size__hover_enabled=&#8220;off&#8220; button_one_text_size__hover_enabled=&#8220;off&#8220; button_two_text_size__hover_enabled=&#8220;off&#8220; button_text_color__hover_enabled=&#8220;off&#8220; button_one_text_color__hover_enabled=&#8220;off&#8220; button_two_text_color__hover_enabled=&#8220;off&#8220; button_border_width__hover_enabled=&#8220;off&#8220; button_one_border_width__hover_enabled=&#8220;off&#8220; button_two_border_width__hover_enabled=&#8220;off&#8220; button_border_color__hover_enabled=&#8220;off&#8220; button_one_border_color__hover_enabled=&#8220;off&#8220; button_two_border_color__hover_enabled=&#8220;off&#8220; button_border_radius__hover_enabled=&#8220;off&#8220; button_one_border_radius__hover_enabled=&#8220;off&#8220; button_two_border_radius__hover_enabled=&#8220;off&#8220; button_letter_spacing__hover_enabled=&#8220;off&#8220; button_one_letter_spacing__hover_enabled=&#8220;off&#8220; button_two_letter_spacing__hover_enabled=&#8220;off&#8220; button_bg_color__hover_enabled=&#8220;off&#8220; button_one_bg_color__hover_enabled=&#8220;off&#8220; button_two_bg_color__hover_enabled=&#8220;off&#8220;][\/et_pb_contact_field][et_pb_contact_field field_id=&#8220;Email&#8220; field_title=&#8220;Email&#8220; field_type=&#8220;email&#8220; _builder_version=&#8220;4.27.5&#8243; global_colors_info=&#8220;{}&#8220; button_text_size__hover_enabled=&#8220;off&#8220; button_one_text_size__hover_enabled=&#8220;off&#8220; button_two_text_size__hover_enabled=&#8220;off&#8220; button_text_color__hover_enabled=&#8220;off&#8220; button_one_text_color__hover_enabled=&#8220;off&#8220; button_two_text_color__hover_enabled=&#8220;off&#8220; button_border_width__hover_enabled=&#8220;off&#8220; button_one_border_width__hover_enabled=&#8220;off&#8220; button_two_border_width__hover_enabled=&#8220;off&#8220; button_border_color__hover_enabled=&#8220;off&#8220; button_one_border_color__hover_enabled=&#8220;off&#8220; button_two_border_color__hover_enabled=&#8220;off&#8220; button_border_radius__hover_enabled=&#8220;off&#8220; button_one_border_radius__hover_enabled=&#8220;off&#8220; button_two_border_radius__hover_enabled=&#8220;off&#8220; button_letter_spacing__hover_enabled=&#8220;off&#8220; button_one_letter_spacing__hover_enabled=&#8220;off&#8220; button_two_letter_spacing__hover_enabled=&#8220;off&#8220; button_bg_color__hover_enabled=&#8220;off&#8220; button_one_bg_color__hover_enabled=&#8220;off&#8220; button_two_bg_color__hover_enabled=&#8220;off&#8220;][\/et_pb_contact_field][et_pb_contact_field field_id=&#8220;Message&#8220; field_title=&#8220;Nachricht&#8220; field_type=&#8220;text&#8220; fullwidth_field=&#8220;on&#8220; _builder_version=&#8220;4.27.5&#8243; global_colors_info=&#8220;{}&#8220; button_text_size__hover_enabled=&#8220;off&#8220; button_one_text_size__hover_enabled=&#8220;off&#8220; button_two_text_size__hover_enabled=&#8220;off&#8220; button_text_color__hover_enabled=&#8220;off&#8220; button_one_text_color__hover_enabled=&#8220;off&#8220; button_two_text_color__hover_enabled=&#8220;off&#8220; button_border_width__hover_enabled=&#8220;off&#8220; button_one_border_width__hover_enabled=&#8220;off&#8220; button_two_border_width__hover_enabled=&#8220;off&#8220; button_border_color__hover_enabled=&#8220;off&#8220; button_one_border_color__hover_enabled=&#8220;off&#8220; button_two_border_color__hover_enabled=&#8220;off&#8220; button_border_radius__hover_enabled=&#8220;off&#8220; button_one_border_radius__hover_enabled=&#8220;off&#8220; button_two_border_radius__hover_enabled=&#8220;off&#8220; button_letter_spacing__hover_enabled=&#8220;off&#8220; button_one_letter_spacing__hover_enabled=&#8220;off&#8220; button_two_letter_spacing__hover_enabled=&#8220;off&#8220; button_bg_color__hover_enabled=&#8220;off&#8220; button_one_bg_color__hover_enabled=&#8220;off&#8220; button_two_bg_color__hover_enabled=&#8220;off&#8220;][\/et_pb_contact_field][\/et_pb_contact_form][\/et_pb_column_inner][\/et_pb_row_inner][\/et_pb_column][\/et_pb_section]<\/p>\n","protected":false},"excerpt":{"rendered":"<p>UnternehmensgeschichteVon 1991 bis heute: 35 Jahre industrielle Fertigungserfahrung Marktpr\u00e4senz \u00fcber zwei Generationen S\u00e4scheibenfertigung f\u00fcr \u00fcber 50 Marken (Einzelkorns\u00e4maschinen) Saisonale Produktion von ca. 1.500\u20132.000 Scheiben, auch nach individuellen Vorgaben \u00dcber 1.000 zufriedene Kunden und zahlreiche Wartungspartner K\u00e1roly Trescsik,\u00a0Firmengr\u00fcnderKontakt Adresse: 2942 Nagyigm\u00e1nd, T\u00e1rk\u00e1nyi \u00fat 17. Telefon: +36 20 932 6883Bestellung: sales@trenaker.huRechnungsstellung: office@trenaker.huKundenservice: info@trenaker.hu<\/p>\n","protected":false},"author":1,"featured_media":0,"parent":0,"menu_order":0,"comment_status":"closed","ping_status":"closed","template":"","meta":{"_acf_changed":false,"_et_pb_use_builder":"on","_et_pb_old_content":"","_et_gb_content_width":"","footnotes":""},"class_list":["post-50808","page","type-page","status-publish","hentry"],"acf":[],"_links":{"self":[{"href":"https:\/\/trenaker.hu\/de\/wp-json\/wp\/v2\/pages\/50808","targetHints":{"allow":["GET"]}}],"collection":[{"href":"https:\/\/trenaker.hu\/de\/wp-json\/wp\/v2\/pages"}],"about":[{"href":"https:\/\/trenaker.hu\/de\/wp-json\/wp\/v2\/types\/page"}],"author":[{"embeddable":true,"href":"https:\/\/trenaker.hu\/de\/wp-json\/wp\/v2\/users\/1"}],"replies":[{"embeddable":true,"href":"https:\/\/trenaker.hu\/de\/wp-json\/wp\/v2\/comments?post=50808"}],"version-history":[{"count":12,"href":"https:\/\/trenaker.hu\/de\/wp-json\/wp\/v2\/pages\/50808\/revisions"}],"predecessor-version":[{"id":51111,"href":"https:\/\/trenaker.hu\/de\/wp-json\/wp\/v2\/pages\/50808\/revisions\/51111"}],"wp:attachment":[{"href":"https:\/\/trenaker.hu\/de\/wp-json\/wp\/v2\/media?parent=50808"}],"curies":[{"name":"wp","href":"https:\/\/api.w.org\/{rel}","templated":true}]}}